{"id":1129,"date":"2023-07-21T15:51:59","date_gmt":"2023-07-21T15:51:59","guid":{"rendered":"https:\/\/minoviaotaku.com\/?page_id=1129"},"modified":"2023-10-19T08:01:44","modified_gmt":"2023-10-19T12:01:44","slug":"sinopsis","status":"publish","type":"page","link":"https:\/\/minoviaotaku.com\/","title":{"rendered":"Sinopsis"},"content":{"rendered":"<style>.kb-row-layout-id1129_a5af9d-e4 > .kt-row-column-wrap{align-content:start;}:where(.kb-row-layout-id1129_a5af9d-e4 > .kt-row-column-wrap) > .wp-block-kadence-column{justify-content:start;}.kb-row-layout-id1129_a5af9d-e4 > .kt-row-column-wrap{column-gap:var(--global-kb-gap-md, 2rem);row-gap:var(--global-kb-gap-md, 2rem);padding-top:0px;padding-right:0px;padding-bottom:0px;padding-left:0px;grid-template-columns:minmax(0, 1fr);}.kb-row-layout-id1129_a5af9d-e4 > .kt-row-layout-overlay{opacity:0.30;}@media all and (max-width: 1024px){.kb-row-layout-id1129_a5af9d-e4 > .kt-row-column-wrap{grid-template-columns:minmax(0, 1fr);}}@media all and (max-width: 767px){.kb-row-layout-id1129_a5af9d-e4 > .kt-row-column-wrap{grid-template-columns:minmax(0, 1fr);}}<\/style><div class=\"kb-row-layout-wrap kb-row-layout-id1129_a5af9d-e4 alignfull wp-block-kadence-rowlayout\"><div class=\"kt-row-column-wrap kt-has-1-columns kt-row-layout-equal kt-tab-layout-inherit kt-mobile-layout-row kt-row-valign-top\">\n<style>.kadence-column1129_350cfc-b0 > .kt-inside-inner-col,.kadence-column1129_350cfc-b0 > .kt-inside-inner-col:before{border-top-left-radius:0px;border-top-right-radius:0px;border-bottom-right-radius:0px;border-bottom-left-radius:0px;}.kadence-column1129_350cfc-b0 > .kt-inside-inner-col{column-gap:var(--global-kb-gap-sm, 1rem);}.kadence-column1129_350cfc-b0 > .kt-inside-inner-col{flex-direction:column;}.kadence-column1129_350cfc-b0 > .kt-inside-inner-col > .aligncenter{width:100%;}.kadence-column1129_350cfc-b0 > .kt-inside-inner-col:before{opacity:0.3;}.kadence-column1129_350cfc-b0{position:relative;}@media all and (max-width: 1024px){.kadence-column1129_350cfc-b0 > .kt-inside-inner-col{flex-direction:column;justify-content:center;}}@media all and (max-width: 767px){.kadence-column1129_350cfc-b0 > .kt-inside-inner-col{flex-direction:column;justify-content:center;}}<\/style>\n<div class=\"wp-block-kadence-column kadence-column1129_350cfc-b0\"><div class=\"kt-inside-inner-col\"><style>.kb-row-layout-id1129_001471-3f > .kt-row-column-wrap{align-content:center;}:where(.kb-row-layout-id1129_001471-3f > .kt-row-column-wrap) > .wp-block-kadence-column{justify-content:center;}.kb-row-layout-id1129_001471-3f > .kt-row-column-wrap{column-gap:var(--global-kb-gap-md, 2rem);row-gap:var(--global-kb-gap-md, 2rem);max-width:var( --global-content-width, 1290px );padding-left:var(--global-content-edge-padding);padding-right:var(--global-content-edge-padding);padding-top:0px;padding-bottom:0px;min-height:93vh;grid-template-columns:minmax(0, 1fr);}.kb-row-layout-id1129_001471-3f > .kt-row-layout-overlay{opacity:0.30;}@media all and (max-width: 1024px){.kb-row-layout-id1129_001471-3f > .kt-row-column-wrap{padding-top:0px;padding-bottom:0px;grid-template-columns:minmax(0, 1fr);}}@media all and (max-width: 767px){.kb-row-layout-id1129_001471-3f > .kt-row-column-wrap{min-height:23vh;grid-template-columns:minmax(0, 1fr);}}<\/style><div class=\"kb-row-layout-wrap kb-row-layout-id1129_001471-3f alignnone wp-block-kadence-rowlayout\"><div class=\"kb-blocks-bg-video-container embedded\"><div class=\"kb-bg-video-iframe kb-bg-video-ratio-16-9\"><iframe frameborder=\"0\" class=\"kb-blocks-bg-video youtube\" id=\"bg-row-video-1129_001471-3f\" src=\"https:\/\/www.youtube.com\/embed\/MN32XOZioMg?autoplay=1&amp;controls=0&amp;mute=1&amp;muted=1&amp;loop=1&amp;playlist=MN32XOZioMg&amp;disablekb=1&amp;modestbranding=1&amp;playsinline=1&amp;rel=0&amp;background=1\" autoplay><\/iframe><\/div><\/div><div class=\"kt-row-column-wrap kt-has-1-columns kt-row-layout-equal kt-tab-layout-inherit kt-mobile-layout-row kt-row-valign-middle kt-inner-column-height-full kb-theme-content-width\">\n<style>.kadence-column1129_8169f8-89 > .kt-inside-inner-col{display:flex;}.kadence-column1129_8169f8-89 > .kt-inside-inner-col,.kadence-column1129_8169f8-89 > .kt-inside-inner-col:before{border-top-left-radius:0px;border-top-right-radius:0px;border-bottom-right-radius:0px;border-bottom-left-radius:0px;}.kadence-column1129_8169f8-89 > .kt-inside-inner-col{column-gap:var(--global-kb-gap-sm, 1rem);}.kadence-column1129_8169f8-89 > .kt-inside-inner-col{flex-direction:column;justify-content:center;}.kadence-column1129_8169f8-89 > .kt-inside-inner-col > .aligncenter{width:100%;}.kt-row-column-wrap > .kadence-column1129_8169f8-89{align-self:center;}.kt-inner-column-height-full:not(.kt-has-1-columns) > .wp-block-kadence-column.kadence-column1129_8169f8-89{align-self:auto;}.kt-inner-column-height-full:not(.kt-has-1-columns) > .wp-block-kadence-column.kadence-column1129_8169f8-89 > .kt-inside-inner-col{flex-direction:column;justify-content:center;}.kadence-column1129_8169f8-89 > .kt-inside-inner-col:before{opacity:0.3;}.kadence-column1129_8169f8-89{position:relative;}@media all and (max-width: 1024px){.kt-row-column-wrap > .kadence-column1129_8169f8-89{align-self:center;}}@media all and (max-width: 1024px){.kt-inner-column-height-full:not(.kt-has-1-columns) > .wp-block-kadence-column.kadence-column1129_8169f8-89{align-self:auto;}}@media all and (max-width: 1024px){.kt-inner-column-height-full:not(.kt-has-1-columns) > .wp-block-kadence-column.kadence-column1129_8169f8-89 > .kt-inside-inner-col{flex-direction:column;justify-content:center;}}@media all and (max-width: 1024px){.kadence-column1129_8169f8-89 > .kt-inside-inner-col{flex-direction:column;justify-content:center;}}@media all and (max-width: 767px){.kt-row-column-wrap > .kadence-column1129_8169f8-89{align-self:center;}.kt-inner-column-height-full:not(.kt-has-1-columns) > .wp-block-kadence-column.kadence-column1129_8169f8-89{align-self:auto;}.kt-inner-column-height-full:not(.kt-has-1-columns) > .wp-block-kadence-column.kadence-column1129_8169f8-89 > .kt-inside-inner-col{flex-direction:column;justify-content:center;}.kadence-column1129_8169f8-89 > .kt-inside-inner-col{flex-direction:column;justify-content:center;}}<\/style>\n<div class=\"wp-block-kadence-column kadence-column1129_8169f8-89\"><div class=\"kt-inside-inner-col\"><style>.kb-row-layout-id1129_8600fb-6d > .kt-row-column-wrap{align-content:center;}:where(.kb-row-layout-id1129_8600fb-6d > .kt-row-column-wrap) > .wp-block-kadence-column{justify-content:center;}.kb-row-layout-id1129_8600fb-6d > .kt-row-column-wrap{column-gap:var(--global-kb-gap-md, 2rem);row-gap:var(--global-kb-gap-md, 2rem);padding-top:var(--global-kb-spacing-sm, 1.5rem);padding-bottom:var(--global-kb-spacing-sm, 1.5rem);grid-template-columns:minmax(0, 1fr);}.kb-row-layout-id1129_8600fb-6d > .kt-row-layout-overlay{opacity:0.30;}@media all and (max-width: 1024px){.kb-row-layout-id1129_8600fb-6d > .kt-row-column-wrap{padding-top:var(--global-kb-spacing-3xl, 6.5rem);padding-bottom:var(--global-kb-spacing-3xl, 6.5rem);grid-template-columns:minmax(0, 1fr);}}@media all and (max-width: 767px){.kb-row-layout-id1129_8600fb-6d > .kt-row-column-wrap{padding-top:var(--global-kb-spacing-md, 2rem);padding-bottom:var(--global-kb-spacing-md, 2rem);grid-template-columns:minmax(0, 1fr);}}<\/style><div class=\"kb-row-layout-wrap kb-row-layout-id1129_8600fb-6d alignnone wp-block-kadence-rowlayout\"><div class=\"kt-row-column-wrap kt-has-1-columns kt-row-layout-equal kt-tab-layout-inherit kt-mobile-layout-row kt-row-valign-middle\">\n<style>.kadence-column1129_4c427c-f1 > .kt-inside-inner-col{display:flex;}.kadence-column1129_4c427c-f1 > .kt-inside-inner-col,.kadence-column1129_4c427c-f1 > .kt-inside-inner-col:before{border-top-left-radius:0px;border-top-right-radius:0px;border-bottom-right-radius:0px;border-bottom-left-radius:0px;}.kadence-column1129_4c427c-f1 > .kt-inside-inner-col{column-gap:var(--global-kb-gap-sm, 1rem);}.kadence-column1129_4c427c-f1 > .kt-inside-inner-col{flex-direction:column;justify-content:center;}.kadence-column1129_4c427c-f1 > .kt-inside-inner-col > .aligncenter{width:100%;}.kt-row-column-wrap > .kadence-column1129_4c427c-f1{align-self:center;}.kt-inner-column-height-full:not(.kt-has-1-columns) > .wp-block-kadence-column.kadence-column1129_4c427c-f1{align-self:auto;}.kt-inner-column-height-full:not(.kt-has-1-columns) > .wp-block-kadence-column.kadence-column1129_4c427c-f1 > .kt-inside-inner-col{flex-direction:column;justify-content:center;}.kadence-column1129_4c427c-f1 > .kt-inside-inner-col:before{opacity:0.3;}.kadence-column1129_4c427c-f1{position:relative;}@media all and (max-width: 1024px){.kt-row-column-wrap > .kadence-column1129_4c427c-f1{align-self:center;}}@media all and (max-width: 1024px){.kt-inner-column-height-full:not(.kt-has-1-columns) > .wp-block-kadence-column.kadence-column1129_4c427c-f1{align-self:auto;}}@media all and (max-width: 1024px){.kt-inner-column-height-full:not(.kt-has-1-columns) > .wp-block-kadence-column.kadence-column1129_4c427c-f1 > .kt-inside-inner-col{flex-direction:column;justify-content:center;}}@media all and (max-width: 1024px){.kadence-column1129_4c427c-f1 > .kt-inside-inner-col{flex-direction:column;justify-content:center;}}@media all and (max-width: 767px){.kt-row-column-wrap > .kadence-column1129_4c427c-f1{align-self:center;}.kt-inner-column-height-full:not(.kt-has-1-columns) > .wp-block-kadence-column.kadence-column1129_4c427c-f1{align-self:auto;}.kt-inner-column-height-full:not(.kt-has-1-columns) > .wp-block-kadence-column.kadence-column1129_4c427c-f1 > .kt-inside-inner-col{flex-direction:column;justify-content:center;}.kadence-column1129_4c427c-f1 > .kt-inside-inner-col{flex-direction:column;justify-content:center;}}<\/style>\n<div class=\"wp-block-kadence-column kadence-column1129_4c427c-f1\"><div class=\"kt-inside-inner-col\"><style>.kb-image1129_498b1f-73 .kb-image-has-overlay:after{opacity:0.3;}<\/style>\n<div class=\"wp-block-kadence-image kb-image1129_498b1f-73\"><figure class=\"aligncenter size-full\"><img decoding=\"async\" width=\"1000\" height=\"200\" src=\"https:\/\/minoviaotaku.com\/wp-content\/uploads\/2023\/04\/LOGO-MI-NOVIA-OTAKU-WEB-gigante.png\" alt=\"LOGO-MI-NOVIA-OTAKU-WEB-gigante\" class=\"kb-img wp-image-263\" title=\"\" srcset=\"https:\/\/cdn.minoviaotaku.com\/wp-content\/uploads\/2023\/04\/LOGO-MI-NOVIA-OTAKU-WEB-gigante.png 1000w, https:\/\/cdn.minoviaotaku.com\/wp-content\/uploads\/2023\/04\/LOGO-MI-NOVIA-OTAKU-WEB-gigante-600x120.png 600w\" sizes=\"(max-width: 1000px) 100vw, 1000px\" \/><\/figure><\/div>\n\n\n<style>.wp-block-kadence-advancedbtn.kb-btns1129_450f8a-24{gap:var(--global-kb-gap-xs, 0.5rem );justify-content:center;align-items:center;}.kt-btns1129_450f8a-24 .kt-button{font-weight:normal;font-style:normal;}.kt-btns1129_450f8a-24 .kt-btn-wrap-0{margin-right:5px;}.wp-block-kadence-advancedbtn.kt-btns1129_450f8a-24 .kt-btn-wrap-0 .kt-button{color:#555555;border-color:#555555;}.wp-block-kadence-advancedbtn.kt-btns1129_450f8a-24 .kt-btn-wrap-0 .kt-button:hover, .wp-block-kadence-advancedbtn.kt-btns1129_450f8a-24 .kt-btn-wrap-0 .kt-button:focus{color:#ffffff;border-color:#444444;}.wp-block-kadence-advancedbtn.kt-btns1129_450f8a-24 .kt-btn-wrap-0 .kt-button::before{display:none;}.wp-block-kadence-advancedbtn.kt-btns1129_450f8a-24 .kt-btn-wrap-0 .kt-button:hover, .wp-block-kadence-advancedbtn.kt-btns1129_450f8a-24 .kt-btn-wrap-0 .kt-button:focus{background:#444444;}<\/style>\n<div class=\"wp-block-kadence-advancedbtn kb-buttons-wrap kb-btns1129_450f8a-24\"><style>ul.menu .wp-block-kadence-advancedbtn .kb-btn1129_254447-cf.kb-button{width:initial;}.wp-block-kadence-advancedbtn .kb-btn1129_254447-cf.kb-button{color:var(--global-palette1, #3182CE);background:#000000;font-size:var(--global-kb-font-size-md, 1.25rem);border-top-left-radius:60px;border-top-right-radius:60px;border-bottom-right-radius:60px;border-bottom-left-radius:60px;}.wp-block-kadence-advancedbtn .kb-btn1129_254447-cf.kb-button:hover, .wp-block-kadence-advancedbtn .kb-btn1129_254447-cf.kb-button:focus{color:var(--global-palette2, #2B6CB0);background:var(--global-palette9, #ffffff);}<\/style><a class=\"kb-button kt-button button kb-btn1129_254447-cf kt-btn-size-standard kt-btn-width-type-auto kb-btn-global-fill  kt-btn-has-text-true kt-btn-has-svg-false  wp-block-kadence-singlebtn\" href=\"https:\/\/www.youtube.com\/watch?v=MN32XOZioMg&#038;t=1s&#038;ab_channel=MiNoviaOtakuLaPel%C3%ADcula\" target=\"_blank\" rel=\"noreferrer noopener\"><span class=\"kt-btn-inner-text\">Trailer<\/span><\/a>\n\n<style>ul.menu .wp-block-kadence-advancedbtn .kb-btn1129_cf924b-7d.kb-button{width:initial;}.wp-block-kadence-advancedbtn .kb-btn1129_cf924b-7d.kb-button{color:var(--global-palette1, #3182CE);background:#000000;font-size:var(--global-kb-font-size-md, 1.25rem);border-top-left-radius:60px;border-top-right-radius:60px;border-bottom-right-radius:60px;border-bottom-left-radius:60px;}.wp-block-kadence-advancedbtn .kb-btn1129_cf924b-7d.kb-button:hover, .wp-block-kadence-advancedbtn .kb-btn1129_cf924b-7d.kb-button:focus{color:var(--global-palette2, #2B6CB0);background:var(--global-palette9, #ffffff);}<\/style><a class=\"kb-button kt-button button kb-btn1129_cf924b-7d kt-btn-size-standard kt-btn-width-type-auto kb-btn-global-fill  kt-btn-has-text-true kt-btn-has-svg-false  wp-block-kadence-singlebtn\" href=\"https:\/\/minoviaotaku.vhx.tv\/checkout\/mi-novia-otaku\/purchase\" target=\"_blank\" rel=\"noopener\"><span class=\"kt-btn-inner-text\">Pre-Comprar<\/span><\/a><\/div>\n<\/div><\/div>\n\n<\/div><\/div><\/div><\/div>\n\n<\/div><\/div>\n\n<style>.kb-row-layout-id1129_d86607-6b > .kt-row-column-wrap{align-content:start;}:where(.kb-row-layout-id1129_d86607-6b > .kt-row-column-wrap) > .wp-block-kadence-column{justify-content:start;}.kb-row-layout-id1129_d86607-6b > .kt-row-column-wrap{column-gap:var(--global-kb-gap-md, 2rem);row-gap:var(--global-kb-gap-md, 2rem);padding-top:var(--global-kb-spacing-sm, 1.5rem);padding-bottom:var(--global-kb-spacing-sm, 1.5rem);grid-template-columns:minmax(0, 1fr);}.kb-row-layout-id1129_d86607-6b{background-color:#1d1d1d;}.kb-row-layout-id1129_d86607-6b > .kt-row-layout-overlay{opacity:0.30;}@media all and (max-width: 1024px){.kb-row-layout-id1129_d86607-6b > .kt-row-column-wrap{grid-template-columns:minmax(0, 1fr);}}@media all and (max-width: 767px){.kb-row-layout-id1129_d86607-6b > .kt-row-column-wrap{grid-template-columns:minmax(0, 1fr);}}<\/style><div class=\"kb-row-layout-wrap kb-row-layout-id1129_d86607-6b alignnone kt-row-has-bg wp-block-kadence-rowlayout\"><div class=\"kt-row-column-wrap kt-has-1-columns kt-row-layout-equal kt-tab-layout-inherit kt-mobile-layout-row kt-row-valign-top\">\n<style>.kadence-column1129_d11aaf-61 > .kt-inside-inner-col,.kadence-column1129_d11aaf-61 > .kt-inside-inner-col:before{border-top-left-radius:0px;border-top-right-radius:0px;border-bottom-right-radius:0px;border-bottom-left-radius:0px;}.kadence-column1129_d11aaf-61 > .kt-inside-inner-col{column-gap:var(--global-kb-gap-sm, 1rem);}.kadence-column1129_d11aaf-61 > .kt-inside-inner-col{flex-direction:column;}.kadence-column1129_d11aaf-61 > .kt-inside-inner-col > .aligncenter{width:100%;}.kadence-column1129_d11aaf-61 > .kt-inside-inner-col:before{opacity:0.3;}.kadence-column1129_d11aaf-61{position:relative;}@media all and (max-width: 1024px){.kadence-column1129_d11aaf-61 > .kt-inside-inner-col{flex-direction:column;justify-content:center;}}@media all and (max-width: 767px){.kadence-column1129_d11aaf-61 > .kt-inside-inner-col{flex-direction:column;justify-content:center;}}<\/style>\n<div class=\"wp-block-kadence-column kadence-column1129_d11aaf-61\"><div class=\"kt-inside-inner-col\"><style>.wp-block-kadence-advancedheading.kt-adv-heading1129_bda6a1-4e, .wp-block-kadence-advancedheading.kt-adv-heading1129_bda6a1-4e[data-kb-block=\"kb-adv-heading1129_bda6a1-4e\"]{display:block;font-size:var(--global-kb-font-size-lg, 2rem);font-weight:800;font-style:normal;text-transform:uppercase;}.wp-block-kadence-advancedheading.kt-adv-heading1129_bda6a1-4e mark.kt-highlight, .wp-block-kadence-advancedheading.kt-adv-heading1129_bda6a1-4e[data-kb-block=\"kb-adv-heading1129_bda6a1-4e\"] mark.kt-highlight{font-style:normal;color:#f76a0c;-webkit-box-decoration-break:clone;box-decoration-break:clone;padding-top:0px;padding-right:0px;padding-bottom:0px;padding-left:0px;}.wp-block-kadence-advancedheading.kt-adv-heading1129_bda6a1-4e img.kb-inline-image, .wp-block-kadence-advancedheading.kt-adv-heading1129_bda6a1-4e[data-kb-block=\"kb-adv-heading1129_bda6a1-4e\"] img.kb-inline-image{width:150px;vertical-align:baseline;}<\/style>\n<span class=\"kt-adv-heading1129_bda6a1-4e wp-block-kadence-advancedheading has-theme-palette-1-color has-text-color\" data-kb-block=\"kb-adv-heading1129_bda6a1-4e\">8 Meses despu\u00e9s<\/span>\n<\/div><\/div>\n\n<\/div><\/div>\n\n<style>.kb-row-layout-id1129_00eb7f-cf > .kt-row-column-wrap{align-content:start;}:where(.kb-row-layout-id1129_00eb7f-cf > .kt-row-column-wrap) > .wp-block-kadence-column{justify-content:start;}.kb-row-layout-id1129_00eb7f-cf > .kt-row-column-wrap{column-gap:var(--global-kb-gap-md, 2rem);row-gap:var(--global-kb-gap-md, 2rem);padding-top:var(--global-kb-spacing-sm, 1.5rem);padding-bottom:var(--global-kb-spacing-sm, 1.5rem);}.kb-row-layout-id1129_00eb7f-cf > .kt-row-column-wrap > div:not(.added-for-specificity){grid-column:initial;}.kb-row-layout-id1129_00eb7f-cf > .kt-row-column-wrap{grid-template-columns:minmax(0, 1fr) minmax(0, 2fr) minmax(0, 1fr);}.kb-row-layout-id1129_00eb7f-cf{background-color:#000000;}.kb-row-layout-id1129_00eb7f-cf > .kt-row-layout-overlay{opacity:0.30;}@media all and (max-width: 1024px){.kb-row-layout-id1129_00eb7f-cf > .kt-row-column-wrap > div:not(.added-for-specificity){grid-column:initial;}}@media all and (max-width: 1024px){.kb-row-layout-id1129_00eb7f-cf > .kt-row-column-wrap{grid-template-columns:minmax(0, 1fr) minmax(0, 2fr) minmax(0, 1fr);}}@media all and (max-width: 767px){.kb-row-layout-id1129_00eb7f-cf > .kt-row-column-wrap > div:not(.added-for-specificity){grid-column:initial;}.kb-row-layout-id1129_00eb7f-cf > .kt-row-column-wrap{grid-template-columns:minmax(0, 1fr);}}<\/style><div class=\"kb-row-layout-wrap kb-row-layout-id1129_00eb7f-cf alignnone kt-row-has-bg wp-block-kadence-rowlayout\"><div class=\"kt-row-column-wrap kt-has-3-columns kt-row-layout-center-half kt-tab-layout-inherit kt-mobile-layout-row kt-row-valign-top\">\n<style>.kadence-column1129_a901c5-20 > .kt-inside-inner-col,.kadence-column1129_a901c5-20 > .kt-inside-inner-col:before{border-top-left-radius:0px;border-top-right-radius:0px;border-bottom-right-radius:0px;border-bottom-left-radius:0px;}.kadence-column1129_a901c5-20 > .kt-inside-inner-col{column-gap:var(--global-kb-gap-sm, 1rem);}.kadence-column1129_a901c5-20 > .kt-inside-inner-col{flex-direction:column;}.kadence-column1129_a901c5-20 > .kt-inside-inner-col > .aligncenter{width:100%;}.kadence-column1129_a901c5-20 > .kt-inside-inner-col:before{opacity:0.3;}.kadence-column1129_a901c5-20{position:relative;}@media all and (max-width: 1024px){.kadence-column1129_a901c5-20 > .kt-inside-inner-col{flex-direction:column;justify-content:center;}}@media all and (max-width: 767px){.kadence-column1129_a901c5-20 > .kt-inside-inner-col{flex-direction:column;justify-content:center;}}<\/style>\n<div class=\"wp-block-kadence-column kadence-column1129_a901c5-20\"><div class=\"kt-inside-inner-col\"><style>.kb-image1129_1ac4be-c0 .kb-image-has-overlay:after{opacity:0.3;}<\/style>\n<figure class=\"wp-block-kadence-image kb-image1129_1ac4be-c0 size-full\"><img decoding=\"async\" width=\"378\" height=\"507\" src=\"https:\/\/minoviaotaku.com\/wp-content\/uploads\/2023\/06\/poster4-mi-novia-otaku-1.jpg\" alt=\"poster4-mi-novia-otaku-1\" class=\"kb-img wp-image-1042\" title=\"\"><\/figure>\n<\/div><\/div>\n\n\n<style>.kadence-column1129_7edff1-81 > .kt-inside-inner-col,.kadence-column1129_7edff1-81 > .kt-inside-inner-col:before{border-top-left-radius:0px;border-top-right-radius:0px;border-bottom-right-radius:0px;border-bottom-left-radius:0px;}.kadence-column1129_7edff1-81 > .kt-inside-inner-col{column-gap:var(--global-kb-gap-sm, 1rem);}.kadence-column1129_7edff1-81 > .kt-inside-inner-col{flex-direction:column;}.kadence-column1129_7edff1-81 > .kt-inside-inner-col > .aligncenter{width:100%;}.kadence-column1129_7edff1-81 > .kt-inside-inner-col:before{opacity:0.3;}.kadence-column1129_7edff1-81{position:relative;}@media all and (max-width: 1024px){.kadence-column1129_7edff1-81 > .kt-inside-inner-col{flex-direction:column;justify-content:center;}}@media all and (max-width: 767px){.kadence-column1129_7edff1-81 > .kt-inside-inner-col{flex-direction:column;justify-content:center;}}<\/style>\n<div class=\"wp-block-kadence-column kadence-column1129_7edff1-81\"><div class=\"kt-inside-inner-col\"><style>.wp-block-kadence-advancedheading.kt-adv-heading1129_7dcf63-02, .wp-block-kadence-advancedheading.kt-adv-heading1129_7dcf63-02[data-kb-block=\"kb-adv-heading1129_7dcf63-02\"]{font-size:18px;font-weight:300;font-style:normal;}.wp-block-kadence-advancedheading.kt-adv-heading1129_7dcf63-02 mark.kt-highlight, .wp-block-kadence-advancedheading.kt-adv-heading1129_7dcf63-02[data-kb-block=\"kb-adv-heading1129_7dcf63-02\"] mark.kt-highlight{font-style:normal;color:#f76a0c;-webkit-box-decoration-break:clone;box-decoration-break:clone;padding-top:0px;padding-right:0px;padding-bottom:0px;padding-left:0px;}.wp-block-kadence-advancedheading.kt-adv-heading1129_7dcf63-02 img.kb-inline-image, .wp-block-kadence-advancedheading.kt-adv-heading1129_7dcf63-02[data-kb-block=\"kb-adv-heading1129_7dcf63-02\"] img.kb-inline-image{width:150px;vertical-align:baseline;}<\/style>\n<p class=\"kt-adv-heading1129_7dcf63-02 wp-block-kadence-advancedheading has-theme-palette-1-color has-text-color\" data-kb-block=\"kb-adv-heading1129_7dcf63-02\">\u00a1Prep\u00e1rate para una experiencia inolvidable donde el amor y el mundo del anime se entrelazan en \u201cMi Novia Otaku\u201d!<br><br>Manuel Cavalier es un talentoso creador de mangas que oculta su pasi\u00f3n a su madre, quien espera que \u00e9l siga una carrera convencional. Su obra m\u00e1s famosa, \u201cRey de Fuego\u201d, tiene miles de seguidores en l\u00ednea, pero nadie sabe qui\u00e9n es el autor.<br><br>Su secreto se ve amenazado cuando conoce a Eugenia Rangel, una chica obsesionada con su obra. Ella descubre la verdadera identidad de Manuel y le propone un trato: pagarle para ayudarlo a terminar la historia. \u00bfPodr\u00e1 Manuel proteger su sue\u00f1o y su amor por Eugenia, o tendr\u00e1 que renunciar a todo por su madre?.<br><br>Sum\u00e9rgete en una historia conmovedora que celebra el amor y la autenticidad. \u201cMi Novia Otaku\u201d te llevar\u00e1 en un viaje de autodescubrimiento, desafiando estereotipos y celebrando la valent\u00eda de seguir tu coraz\u00f3n, incluso frente a obst\u00e1culos aparentemente insuperables.<\/p>\n<\/div><\/div>\n\n\n<style>.kadence-column1129_0f55e9-5d > .kt-inside-inner-col,.kadence-column1129_0f55e9-5d > .kt-inside-inner-col:before{border-top-left-radius:0px;border-top-right-radius:0px;border-bottom-right-radius:0px;border-bottom-left-radius:0px;}.kadence-column1129_0f55e9-5d > .kt-inside-inner-col{column-gap:var(--global-kb-gap-sm, 1rem);}.kadence-column1129_0f55e9-5d > .kt-inside-inner-col{flex-direction:column;}.kadence-column1129_0f55e9-5d > .kt-inside-inner-col > .aligncenter{width:100%;}.kadence-column1129_0f55e9-5d > .kt-inside-inner-col:before{opacity:0.3;}.kadence-column1129_0f55e9-5d{position:relative;}@media all and (max-width: 1024px){.kadence-column1129_0f55e9-5d > .kt-inside-inner-col{flex-direction:column;justify-content:center;}}@media all and (max-width: 767px){.kadence-column1129_0f55e9-5d > .kt-inside-inner-col{flex-direction:column;justify-content:center;}}<\/style>\n<div class=\"wp-block-kadence-column kadence-column1129_0f55e9-5d\"><div class=\"kt-inside-inner-col\"><style>.wp-block-kadence-advancedheading.kt-adv-heading1129_6bddde-4a, .wp-block-kadence-advancedheading.kt-adv-heading1129_6bddde-4a[data-kb-block=\"kb-adv-heading1129_6bddde-4a\"]{font-size:22px;font-weight:300;font-style:normal;}.wp-block-kadence-advancedheading.kt-adv-heading1129_6bddde-4a mark.kt-highlight, .wp-block-kadence-advancedheading.kt-adv-heading1129_6bddde-4a[data-kb-block=\"kb-adv-heading1129_6bddde-4a\"] mark.kt-highlight{font-style:normal;color:#f76a0c;-webkit-box-decoration-break:clone;box-decoration-break:clone;padding-top:0px;padding-right:0px;padding-bottom:0px;padding-left:0px;}.wp-block-kadence-advancedheading.kt-adv-heading1129_6bddde-4a img.kb-inline-image, .wp-block-kadence-advancedheading.kt-adv-heading1129_6bddde-4a[data-kb-block=\"kb-adv-heading1129_6bddde-4a\"] img.kb-inline-image{width:150px;vertical-align:baseline;}<\/style>\n<p class=\"kt-adv-heading1129_6bddde-4a wp-block-kadence-advancedheading has-theme-palette-1-color has-text-color\" data-kb-block=\"kb-adv-heading1129_6bddde-4a\"><strong>Dirigida por<\/strong><br>Edio Raven<br><br><strong>Producida por<\/strong><br>Anderson Acosta y Edio Raven<\/p>\n<\/div><\/div>\n\n<\/div><\/div><\/div><\/div>\n\n<\/div><\/div>","protected":false},"excerpt":{"rendered":"<p>8 Meses despu\u00e9s \u00a1Prep\u00e1rate para una experiencia inolvidable donde el amor y el mundo del anime se entrelazan en \u201cMi Novia Otaku\u201d! Manuel Cavalier es un talentoso creador de mangas que oculta su pasi\u00f3n a su madre, quien espera que \u00e9l siga una carrera convencional. Su obra m\u00e1s famosa, \u201cRey de Fuego\u201d, tiene miles de&#8230;<\/p>\n","protected":false},"author":1,"featured_media":0,"parent":0,"menu_order":0,"comment_status":"closed","ping_status":"closed","template":"","meta":{"qubely_global_settings":"","qubely_interactions":"","_kad_post_transparent":"","_kad_post_title":"hide","_kad_post_layout":"","_kad_post_sidebar_id":"","_kad_post_content_style":"unboxed","_kad_post_vertical_padding":"hide","_kad_post_feature":"hide","_kad_post_feature_position":"","_kad_post_header":false,"_kad_post_footer":false,"footnotes":""},"class_list":["post-1129","page","type-page","status-publish","hentry"],"_links":{"self":[{"href":"https:\/\/minoviaotaku.com\/index.php?rest_route=\/wp\/v2\/pages\/1129","targetHints":{"allow":["GET"]}}],"collection":[{"href":"https:\/\/minoviaotaku.com\/index.php?rest_route=\/wp\/v2\/pages"}],"about":[{"href":"https:\/\/minoviaotaku.com\/index.php?rest_route=\/wp\/v2\/types\/page"}],"author":[{"embeddable":true,"href":"https:\/\/minoviaotaku.com\/index.php?rest_route=\/wp\/v2\/users\/1"}],"replies":[{"embeddable":true,"href":"https:\/\/minoviaotaku.com\/index.php?rest_route=%2Fwp%2Fv2%2Fcomments&post=1129"}],"version-history":[{"count":23,"href":"https:\/\/minoviaotaku.com\/index.php?rest_route=\/wp\/v2\/pages\/1129\/revisions"}],"predecessor-version":[{"id":1648,"href":"https:\/\/minoviaotaku.com\/index.php?rest_route=\/wp\/v2\/pages\/1129\/revisions\/1648"}],"wp:attachment":[{"href":"https:\/\/minoviaotaku.com\/index.php?rest_route=%2Fwp%2Fv2%2Fmedia&parent=1129"}],"curies":[{"name":"wp","href":"https:\/\/api.w.org\/{rel}","templated":true}]}}